{"id":5349,"date":"2025-05-28T10:58:04","date_gmt":"2025-05-28T08:58:04","guid":{"rendered":"https:\/\/egnsteatret.del2design.dk\/?page_id=5349"},"modified":"2026-01-22T11:55:46","modified_gmt":"2026-01-22T10:55:46","slug":"young-performing-arts","status":"publish","type":"page","link":"https:\/\/egnsteatret.dk\/en\/ung-scenekunst\/","title":{"rendered":"Ung"},"content":{"rendered":"<style>.kb-row-layout-id5349_ced7c2-b6 > .kt-row-column-wrap{align-content:end;}:where(.kb-row-layout-id5349_ced7c2-b6 > .kt-row-column-wrap) > .wp-block-kadence-column{justify-content:end;}.kb-row-layout-id5349_ced7c2-b6 > .kt-row-column-wrap{column-gap:var(--global-kb-gap-lg, 4rem);row-gap:var(--global-kb-gap-md, 2rem);max-width:var( --global-content-width, 1290px );padding-left:var(--global-content-edge-padding);padding-right:var(--global-content-edge-padding);padding-top:var(--global-kb-spacing-5xl, 10rem);padding-right:var(--global-kb-spacing-5xl, 10rem);padding-left:var(--global-kb-spacing-5xl, 10rem);grid-template-columns:minmax(0, 1fr);}.kb-row-layout-id5349_ced7c2-b6{border-bottom:0px solid var(--global-palette6, #718096);}.kb-row-layout-id5349_ced7c2-b6{background-image:url('https:\/\/egnsteatret.dk\/wp-content\/uploads\/2025\/04\/Box_grafik_Sand-scaled.png');background-size:cover;background-position:55.00000000000001% 46%;background-attachment:fixed;background-repeat:no-repeat;}.kb-row-layout-id5349_ced7c2-b6 > .kt-row-layout-overlay{opacity:0.00;}@media all and (max-width: 1024px), only screen and (min-device-width: 1024px) and (max-device-width: 1366px) and (-webkit-min-device-pixel-ratio: 2) and (hover: none){.kb-row-layout-id5349_ced7c2-b6{background-attachment:scroll;}}@media all and (max-width: 1024px), only screen and (min-device-width: 1024px) and (max-device-width: 1366px) and (-webkit-min-device-pixel-ratio: 2) and (hover: none){.kb-row-layout-wrap.wp-block-kadence-rowlayout.kb-row-layout-id5349_ced7c2-b6{background:#bfffed;}}@media all and (max-width: 1024px){.kb-row-layout-id5349_ced7c2-b6 > .kt-row-column-wrap{padding-top:var(--global-kb-spacing-5xl, 10rem);padding-right:var(--global-kb-spacing-xl, 4rem);padding-bottom:0px;padding-left:var(--global-kb-spacing-xl, 4rem);grid-template-columns:minmax(0, 1fr);}}@media all and (max-width: 1024px){.kb-row-layout-id5349_ced7c2-b6{border-bottom:0px solid var(--global-palette6, #718096);}}@media all and (max-width: 767px){.kb-row-layout-id5349_ced7c2-b6 > .kt-row-column-wrap{padding-top:var(--global-kb-spacing-5xl, 10rem);padding-right:var(--global-kb-spacing-sm, 1.5rem);padding-left:var(--global-kb-spacing-sm, 1.5rem);grid-template-columns:minmax(0, 1fr);}.kb-row-layout-id5349_ced7c2-b6{border-bottom:0px solid var(--global-palette6, #718096);}}<\/style><div class=\"kb-row-layout-wrap kb-row-layout-id5349_ced7c2-b6 alignfull has-kb-palette-5-background-color kt-row-has-bg wp-block-kadence-rowlayout\"><div class=\"kt-row-column-wrap kt-has-1-columns kt-row-layout-equal kt-tab-layout-inherit kt-mobile-layout-row kt-row-valign-bottom kb-theme-content-width\">\n<style>.kadence-column5349_8aed89-e6 > .kt-inside-inner-col{display:flex;}.kadence-column5349_8aed89-e6 > .kt-inside-inner-col{border-bottom:10px solid var(--global-palette2, #2B6CB0);}.kadence-column5349_8aed89-e6 > .kt-inside-inner-col,.kadence-column5349_8aed89-e6 > .kt-inside-inner-col:before{border-top-left-radius:0px;border-top-right-radius:0px;border-bottom-right-radius:0px;border-bottom-left-radius:0px;}.kadence-column5349_8aed89-e6 > .kt-inside-inner-col{column-gap:var(--global-kb-gap-sm, 1rem);}.kadence-column5349_8aed89-e6 > .kt-inside-inner-col{flex-direction:column;align-items:flex-end;}.kadence-column5349_8aed89-e6 > .kt-inside-inner-col > .kb-image-is-ratio-size{align-self:stretch;}.kadence-column5349_8aed89-e6 > .kt-inside-inner-col > .wp-block-kadence-advancedgallery{align-self:stretch;}.kadence-column5349_8aed89-e6 > .kt-inside-inner-col > .aligncenter{width:100%;}.kadence-column5349_8aed89-e6 > .kt-inside-inner-col:before{opacity:0.3;}.kadence-column5349_8aed89-e6{position:relative;}@media all and (max-width: 1024px){.kadence-column5349_8aed89-e6 > .kt-inside-inner-col{border-bottom:10px solid var(--global-palette2, #2B6CB0);flex-direction:column;justify-content:center;align-items:flex-end;}}@media all and (max-width: 767px){.kadence-column5349_8aed89-e6 > .kt-inside-inner-col{border-bottom:10px solid var(--global-palette2, #2B6CB0);flex-direction:column;justify-content:center;align-items:flex-end;}}<\/style>\n<div class=\"wp-block-kadence-column kadence-column5349_8aed89-e6 kb-section-dir-vertical\"><div class=\"kt-inside-inner-col\"><style>.wp-block-kadence-advancedheading.kt-adv-heading5349_a53dee-d9, .wp-block-kadence-advancedheading.kt-adv-heading5349_a53dee-d9[data-kb-block=\"kb-adv-heading5349_a53dee-d9\"]{font-size:var(--global-kb-font-size-xxxl, 5rem);font-style:normal;border-bottom:0px solid var(--global-palette6, #718096);}.wp-block-kadence-advancedheading.kt-adv-heading5349_a53dee-d9 mark.kt-highlight, .wp-block-kadence-advancedheading.kt-adv-heading5349_a53dee-d9[data-kb-block=\"kb-adv-heading5349_a53dee-d9\"] mark.kt-highlight{font-style:normal;color:var(--global-palette6, #718096);-webkit-box-decoration-break:clone;box-decoration-break:clone;padding-top:0px;padding-right:0px;padding-bottom:0px;padding-left:0px;}.wp-block-kadence-advancedheading.kt-adv-heading5349_a53dee-d9 img.kb-inline-image, .wp-block-kadence-advancedheading.kt-adv-heading5349_a53dee-d9[data-kb-block=\"kb-adv-heading5349_a53dee-d9\"] img.kb-inline-image{width:150px;vertical-align:baseline;}@media all and (max-width: 1024px){.wp-block-kadence-advancedheading.kt-adv-heading5349_a53dee-d9, .wp-block-kadence-advancedheading.kt-adv-heading5349_a53dee-d9[data-kb-block=\"kb-adv-heading5349_a53dee-d9\"]{font-size:80px;border-bottom:0px solid var(--global-palette6, #718096);}}@media all and (max-width: 767px){.wp-block-kadence-advancedheading.kt-adv-heading5349_a53dee-d9, .wp-block-kadence-advancedheading.kt-adv-heading5349_a53dee-d9[data-kb-block=\"kb-adv-heading5349_a53dee-d9\"]{font-size:50px;border-bottom:0px solid var(--global-palette6, #718096);}}<\/style>\n<h1 class=\"kt-adv-heading5349_a53dee-d9 wp-block-kadence-advancedheading\" data-kb-block=\"kb-adv-heading5349_a53dee-d9\">Ung?<\/h1>\n<\/div><\/div>\n\n<\/div><\/div>\n\n<style>.kb-row-layout-id5349_7eee9c-88 > .kt-row-column-wrap{align-content:start;}:where(.kb-row-layout-id5349_7eee9c-88 > .kt-row-column-wrap) > .wp-block-kadence-column{justify-content:start;}.kb-row-layout-id5349_7eee9c-88 > .kt-row-column-wrap{column-gap:var(--global-kb-gap-lg, 4rem);row-gap:var(--global-kb-gap-md, 2rem);max-width:var( --global-content-width, 1290px );padding-left:var(--global-content-edge-padding);padding-right:var(--global-content-edge-padding);padding-top:var(--global-kb-spacing-xxl, 5rem);padding-right:var(--global-kb-spacing-5xl, 10rem);padding-bottom:var(--global-kb-spacing-3xl, 6.5rem);padding-left:var(--global-kb-spacing-5xl, 10rem);grid-template-columns:minmax(0, 1fr);}.kb-row-layout-id5349_7eee9c-88{background-image:url('https:\/\/egnsteatret.dk\/wp-content\/uploads\/2025\/10\/IMG_8845-2-kopi-kopier-scaled.jpg');background-size:cover;background-position:50% 0%;background-attachment:fixed;background-repeat:no-repeat;}.kb-row-layout-id5349_7eee9c-88 > .kt-row-layout-overlay{opacity:0.70;background-image:url('https:\/\/egnsteatret.dk\/wp-content\/uploads\/2025\/04\/Box_grafik_Sand-scaled.png');background-size:cover;background-position:55.00000000000001% 46%;background-attachment:fixed;background-repeat:no-repeat;}@media all and (max-width: 1024px), only screen and (min-device-width: 1024px) and (max-device-width: 1366px) and (-webkit-min-device-pixel-ratio: 2) and (hover: none){.kb-row-layout-id5349_7eee9c-88{background-attachment:scroll;}}@media all and (max-width: 1024px), only screen and (min-device-width: 1024px) and (max-device-width: 1366px) and (-webkit-min-device-pixel-ratio: 2) and (hover: none){.kb-row-layout-id5349_7eee9c-88 > .kt-row-layout-overlay{background-attachment:scroll;}}@media all and (max-width: 1024px){.kb-row-layout-id5349_7eee9c-88 > .kt-row-column-wrap{padding-top:var(--global-kb-spacing-xl, 4rem);padding-right:var(--global-kb-spacing-xl, 4rem);padding-bottom:var(--global-kb-spacing-xl, 4rem);padding-left:var(--global-kb-spacing-xl, 4rem);grid-template-columns:minmax(0, 1fr);}}@media all and (max-width: 1024px){.kb-row-layout-id5349_7eee9c-88 > .kt-row-layout-overlay{opacity:0.80;}}@media all and (max-width: 767px){.kb-row-layout-id5349_7eee9c-88 > .kt-row-column-wrap{padding-top:var(--global-kb-spacing-md, 2rem);padding-right:var(--global-kb-spacing-sm, 1.5rem);padding-bottom:var(--global-kb-spacing-md, 2rem);padding-left:var(--global-kb-spacing-sm, 1.5rem);grid-template-columns:minmax(0, 1fr);}.kb-row-layout-id5349_7eee9c-88 > .kt-row-layout-overlay{opacity:0.80;}}<\/style><div class=\"kb-row-layout-wrap kb-row-layout-id5349_7eee9c-88 alignfull has-kb-palette-5-background-color kt-row-has-bg wp-block-kadence-rowlayout\"><div class=\"kt-row-layout-overlay kt-row-overlay-normal\"><\/div><div class=\"kt-row-column-wrap kt-has-1-columns kt-row-layout-equal kt-tab-layout-inherit kt-mobile-layout-row kt-row-valign-top kb-theme-content-width\">\n<style>.kadence-column5349_fce7cc-f4 > .kt-inside-inner-col,.kadence-column5349_fce7cc-f4 > .kt-inside-inner-col:before{border-top-left-radius:0px;border-top-right-radius:0px;border-bottom-right-radius:0px;border-bottom-left-radius:0px;}.kadence-column5349_fce7cc-f4 > .kt-inside-inner-col{column-gap:var(--global-kb-gap-sm, 1rem);}.kadence-column5349_fce7cc-f4 > .kt-inside-inner-col{flex-direction:column;}.kadence-column5349_fce7cc-f4 > .kt-inside-inner-col > .aligncenter{width:100%;}.kadence-column5349_fce7cc-f4 > .kt-inside-inner-col:before{opacity:0.3;}.kadence-column5349_fce7cc-f4{position:relative;}@media all and (max-width: 1024px){.kadence-column5349_fce7cc-f4 > .kt-inside-inner-col{flex-direction:column;justify-content:center;}}@media all and (max-width: 767px){.kadence-column5349_fce7cc-f4 > .kt-inside-inner-col{flex-direction:column;justify-content:center;}}<\/style>\n<div class=\"wp-block-kadence-column kadence-column5349_fce7cc-f4\"><div class=\"kt-inside-inner-col\"><style>.wp-block-kadence-advancedheading.kt-adv-heading5349_a147ff-40, .wp-block-kadence-advancedheading.kt-adv-heading5349_a147ff-40[data-kb-block=\"kb-adv-heading5349_a147ff-40\"]{font-size:var(--global-kb-font-size-md, 1.25rem);font-style:normal;}.wp-block-kadence-advancedheading.kt-adv-heading5349_a147ff-40 mark.kt-highlight, .wp-block-kadence-advancedheading.kt-adv-heading5349_a147ff-40[data-kb-block=\"kb-adv-heading5349_a147ff-40\"] mark.kt-highlight{font-style:normal;color:#f76a0c;-webkit-box-decoration-break:clone;box-decoration-break:clone;padding-top:0px;padding-right:0px;padding-bottom:0px;padding-left:0px;}.wp-block-kadence-advancedheading.kt-adv-heading5349_a147ff-40 img.kb-inline-image, .wp-block-kadence-advancedheading.kt-adv-heading5349_a147ff-40[data-kb-block=\"kb-adv-heading5349_a147ff-40\"] img.kb-inline-image{width:150px;vertical-align:baseline;}<\/style>\n<p class=\"kt-adv-heading5349_a147ff-40 wp-block-kadence-advancedheading\" data-kb-block=\"kb-adv-heading5349_a147ff-40\">Egnsteatret er Regionalt V\u00e6kstcenter for Scenekunst, s\u00e5 er du mellem 8 \u2013 30 \u00e5r og kan lide scenekunst, er der masser af muligheder her.<\/p>\n\n\n<style>.wp-block-kadence-advancedheading.kt-adv-heading5349_18115b-e7, .wp-block-kadence-advancedheading.kt-adv-heading5349_18115b-e7[data-kb-block=\"kb-adv-heading5349_18115b-e7\"]{font-style:normal;}.wp-block-kadence-advancedheading.kt-adv-heading5349_18115b-e7 mark.kt-highlight, .wp-block-kadence-advancedheading.kt-adv-heading5349_18115b-e7[data-kb-block=\"kb-adv-heading5349_18115b-e7\"] mark.kt-highlight{font-style:normal;color:#f76a0c;-webkit-box-decoration-break:clone;box-decoration-break:clone;padding-top:0px;padding-right:0px;padding-bottom:0px;padding-left:0px;}.wp-block-kadence-advancedheading.kt-adv-heading5349_18115b-e7 img.kb-inline-image, .wp-block-kadence-advancedheading.kt-adv-heading5349_18115b-e7[data-kb-block=\"kb-adv-heading5349_18115b-e7\"] img.kb-inline-image{width:150px;vertical-align:baseline;}<\/style>\n<h2 class=\"kt-adv-heading5349_18115b-e7 wp-block-kadence-advancedheading\" data-kb-block=\"kb-adv-heading5349_18115b-e7\">TURBOWORKSHOP<\/h2>\n\n\n\n<p>er der, hvor du har <em>muligheden for at fordybe dig i scenekunsten<\/em> sammen med dedikerede professionelle skuespillere, og sammen med andre unge der elsker scenekunst. Det er en hel dag, for unge 11-30 \u00e5r og koster 50,-. Prisen er inkl. l\u00e6kker \u00f8kologisk forplejning. Se <a href=\"https:\/\/egnsteatret.dk\/events\/turboworkshop-2\/\"><strong>mere om den n\u00e6ste TURBO her.<\/strong><\/a> Turbo er arrangeret af Egnsteatret i samarbejde med&nbsp;<a href=\"https:\/\/www.facebook.com\/naestvedmusikskole\" target=\"_blank\" rel=\"noreferrer noopener\">N\u00e6stved Musikskole<\/a>&nbsp;og Scenekunstskolen i Pavillon K og er st\u00f8ttet af&nbsp;<a href=\"https:\/\/xn--kulturregionstorstrm-tcc.dk\/\" target=\"_blank\" rel=\"noreferrer noopener\">Kulturregion Storstr\u00f8m<\/a>.<\/p>\n\n\n\n<h2 class=\"wp-block-heading has--font-size\">Scenekunstskolen<\/h2>\n\n\n\n<p>Vil du g\u00e5 til scenekunst ugentligt i Vordingborg, Pr\u00e6st\u00f8 eller Stege? Her er hold for 8-12\/13 \u00e5r og hold for 14-25 \u00e5r.<strong> <\/strong><a href=\"https:\/\/musikskolen.vordingborg.dk\/undervisning\/scenekunstskolen\" target=\"_blank\" rel=\"noopener\"><strong>Tjek Scenekunstskolen ud her<\/strong>.<\/a> Scenekunstskolen er organiseret af Musikskolen i Vordingborg i samarbejde med <a href=\"https:\/\/www.pavillonk.dk\/\" target=\"_blank\" rel=\"noopener\">Pavillon K.<\/a><\/p>\n\n\n<style>.wp-block-kadence-advancedheading.kt-adv-heading5349_63ddd9-ea, .wp-block-kadence-advancedheading.kt-adv-heading5349_63ddd9-ea[data-kb-block=\"kb-adv-heading5349_63ddd9-ea\"]{font-style:normal;}.wp-block-kadence-advancedheading.kt-adv-heading5349_63ddd9-ea mark.kt-highlight, .wp-block-kadence-advancedheading.kt-adv-heading5349_63ddd9-ea[data-kb-block=\"kb-adv-heading5349_63ddd9-ea\"] mark.kt-highlight{font-style:normal;color:#f76a0c;-webkit-box-decoration-break:clone;box-decoration-break:clone;padding-top:0px;padding-right:0px;padding-bottom:0px;padding-left:0px;}.wp-block-kadence-advancedheading.kt-adv-heading5349_63ddd9-ea img.kb-inline-image, .wp-block-kadence-advancedheading.kt-adv-heading5349_63ddd9-ea[data-kb-block=\"kb-adv-heading5349_63ddd9-ea\"] img.kb-inline-image{width:150px;vertical-align:baseline;}<\/style>\n<h2 class=\"kt-adv-heading5349_63ddd9-ea wp-block-kadence-advancedheading\" data-kb-block=\"kb-adv-heading5349_63ddd9-ea\">Flash Festival<\/h2>\n\n\n\n<p>Og m\u00e5ske s\u00e5 vil du med p\u00e5 Danmarks l\u00e6kreste V\u00e6kstlagsfestival, med forestillinger for og af unge, workshops, fest, koncerter og f\u00e6lles spisning? <a href=\"https:\/\/www.pavillonk.dk\/flash-2025\/\" target=\"_blank\" rel=\"noreferrer noopener\"><strong>S\u00e5 tjek FLASH Festivalen ud her.<\/strong><\/a><br><\/p>\n<\/div><\/div>\n\n\n<style>.kadence-column5349_3ee2a0-e6 > .kt-inside-inner-col,.kadence-column5349_3ee2a0-e6 > .kt-inside-inner-col:before{border-top-left-radius:0px;border-top-right-radius:0px;border-bottom-right-radius:0px;border-bottom-left-radius:0px;}.kadence-column5349_3ee2a0-e6 > .kt-inside-inner-col{column-gap:var(--global-kb-gap-sm, 1rem);}.kadence-column5349_3ee2a0-e6 > .kt-inside-inner-col{flex-direction:column;}.kadence-column5349_3ee2a0-e6 > .kt-inside-inner-col > .aligncenter{width:100%;}.kadence-column5349_3ee2a0-e6 > .kt-inside-inner-col:before{opacity:0.3;}.kadence-column5349_3ee2a0-e6{position:relative;}@media all and (max-width: 1024px){.kadence-column5349_3ee2a0-e6 > .kt-inside-inner-col{flex-direction:column;justify-content:center;}}@media all and (max-width: 767px){.kadence-column5349_3ee2a0-e6 > .kt-inside-inner-col{flex-direction:column;justify-content:center;}}<\/style>\n<div class=\"wp-block-kadence-column kadence-column5349_3ee2a0-e6\"><div class=\"kt-inside-inner-col\"><\/div><\/div>\n\n<\/div><\/div>","protected":false},"excerpt":{"rendered":"<p>Ung? Egnsteatret er Regionalt V\u00e6kstcenter for Scenekunst, s\u00e5 er du mellem 8 \u2013 30 \u00e5r og kan lide scenekunst, er der masser af muligheder her. TURBOWORKSHOP er der, hvor du har muligheden for at fordybe dig i scenekunsten sammen med dedikerede professionelle skuespillere, og sammen med andre unge der elsker scenekunst. Det er en hel&#8230;<\/p>","protected":false},"author":1,"featured_media":0,"parent":0,"menu_order":0,"comment_status":"closed","ping_status":"closed","template":"","meta":{"_acf_changed":false,"_piecal_is_recurring":false,"_piecal_recurring_interval":1,"_piecal_recurring_frequency":"","_piecal_recurring_exact_position":false,"_piecal_recurring_end":"","_piecal_color":"","_piecal_text_color":"","_piecal_global_color_master":false,"_piecal_rsets":"[]","_piecal_is_event":false,"_piecal_start_date":"","_piecal_end_date":"","_piecal_is_allday":false,"_kad_blocks_custom_css":"","_kad_blocks_head_custom_js":"","_kad_blocks_body_custom_js":"","_kad_blocks_footer_custom_js":"","_kad_post_transparent":"","_kad_post_title":"","_kad_post_layout":"","_kad_post_sidebar_id":"","_kad_post_content_style":"","_kad_post_vertical_padding":"","_kad_post_feature":"","_kad_post_feature_position":"","_kad_post_header":false,"_kad_post_footer":false,"_kad_post_classname":"","footnotes":"","_links_to":"","_links_to_target":""},"class_list":["post-5349","page","type-page","status-publish","hentry"],"acf":[],"taxonomy_info":[],"featured_image_src_large":false,"author_info":{"display_name":"Marie DEL2","author_link":"https:\/\/egnsteatret.dk\/en\/author\/mwkdto\/"},"comment_info":0,"_links":{"self":[{"href":"https:\/\/egnsteatret.dk\/en\/wp-json\/wp\/v2\/pages\/5349","targetHints":{"allow":["GET"]}}],"collection":[{"href":"https:\/\/egnsteatret.dk\/en\/wp-json\/wp\/v2\/pages"}],"about":[{"href":"https:\/\/egnsteatret.dk\/en\/wp-json\/wp\/v2\/types\/page"}],"author":[{"embeddable":true,"href":"https:\/\/egnsteatret.dk\/en\/wp-json\/wp\/v2\/users\/1"}],"replies":[{"embeddable":true,"href":"https:\/\/egnsteatret.dk\/en\/wp-json\/wp\/v2\/comments?post=5349"}],"version-history":[{"count":0,"href":"https:\/\/egnsteatret.dk\/en\/wp-json\/wp\/v2\/pages\/5349\/revisions"}],"wp:attachment":[{"href":"https:\/\/egnsteatret.dk\/en\/wp-json\/wp\/v2\/media?parent=5349"}],"curies":[{"name":"wp","href":"https:\/\/api.w.org\/{rel}","templated":true}]}}